{"id":676,"date":"2019-08-10T10:29:51","date_gmt":"2019-08-10T08:29:51","guid":{"rendered":"http:\/\/wordpress.p513756.webspaceconfig.de\/?page_id=676"},"modified":"2025-03-07T15:55:37","modified_gmt":"2025-03-07T14:55:37","slug":"fahrzeugaufbereitung-neu","status":"publish","type":"page","link":"https:\/\/lackiererei-koch.de\/?page_id=676","title":{"rendered":"Fahrzeugaufbereitung"},"content":{"rendered":"<div class=\"wpb-content-wrapper\"><p>[vc_row container=&#8220;1&#8243;][vc_column][vc_empty_space][vc_custom_heading text=&#8220;Unsere professionelle Fahrzeugaufbereitung&#8220; font_container=&#8220;tag:h1|text_align:center|color:%23EFEFEF&#8220; css=&#8220;.vc_custom_1738254690723{background-color: #1F5CB8 !important;}&#8220;][vc_empty_space][vc_column_text css=&#8220;&#8220;]<\/p>\n<h3 style=\"text-align: left;\"><span class=\"so-premium-web-font\" style=\"font-family: Castoro; color: #1f5cb8;\" data-web-font-module=\"google\" data-font-info=\"{&quot;font&quot;:&quot;Castoro&quot;,&quot;webfont&quot;:true,&quot;variant&quot;:null,&quot;module&quot;:&quot;google&quot;}\"><strong>Wenn Sie m\u00f6chten, dass Ihr Fahrzeug auch im gebrauchten Zustand wie frisch erworben aussieht, ist unsere Fahrzeugaufbereitung genau die richtige Wahl. <\/strong><\/span><\/h3>\n<h4 style=\"text-align: left;\"><span class=\"so-premium-web-font\" style=\"font-family: Castoro;\" data-web-font-module=\"google\" data-font-info=\"{&quot;font&quot;:&quot;Castoro&quot;,&quot;webfont&quot;:true,&quot;variant&quot;:null,&quot;module&quot;:&quot;google&quot;}\"><strong>Auch bei kleineren Besch\u00e4digung am Fahrzeug l\u00e4sst sich auf diese Weise schnell f\u00fcr eine Verbesserung sorgen, um den Zustand des Fahrzeugs zu verbessern und den Wert auf diese Weise zu erh\u00f6hen.Auf Wunsch nehmen wir daher Ihr Fahrzeug genauer unter die Lupe und sorgen f\u00fcr die erforderlichen Reparaturen und Verbesserungen. So profitieren Sie auch ohne einen Neukauf vom Neuwagengef\u00fchl und verbessern somit den Komfort des eigenen Autos. Unsere Fahrzeugaufbereitung ist auf dieser Grundlage in jeder Hinsicht eine gute Wahl.<\/strong><\/span><\/h4>\n<h4><\/h4>\n<h3><\/h3>\n<p>[\/vc_column_text][vc_empty_space]\n\t\t\t<!-- START Fahrzeugaufbereitung REVOLUTION SLIDER 6.7.13 --><p class=\"rs-p-wp-fix\"><\/p>\n\t\t\t<rs-module-wrap id=\"rev_slider_4_1_wrapper\" data-source=\"gallery\" style=\"visibility:hidden;background:transparent;padding:0;margin:0px auto;margin-top:0;margin-bottom:0;\">\n\t\t\t\t<rs-module id=\"rev_slider_4_1\" style=\"\" data-version=\"6.7.13\">\n\t\t\t\t\t<rs-slides style=\"overflow: hidden; position: absolute;\">\n\t\t\t\t\t\t<rs-slide style=\"position: absolute;\" data-key=\"rs-51\" data-title=\"Slide\" data-in=\"o:0;\" data-out=\"a:false;\">\n\t\t\t\t\t\t\t<img decoding=\"async\" src=\"\/\/lackiererei-koch.de\/wp-content\/plugins\/revslider\/sr6\/assets\/assets\/dummy.png\" alt=\"Slide\" title=\"Fahrzeugaufbereitung\" class=\"rev-slidebg tp-rs-img rs-lazyload\" data-lazyload=\"\/\/lackiererei-koch.de\/wp-content\/plugins\/revslider\/sr6\/assets\/assets\/transparent.png\" data-parallax=\"off\" data-no-retina>\n<!--\n\t\t\t\t\t\t\t--><rs-layer\n\t\t\t\t\t\t\t\tid=\"slider-4-slide-51-layer-1\" \n\t\t\t\t\t\t\t\tdata-type=\"image\"\n\t\t\t\t\t\t\t\tdata-rsp_ch=\"on\"\n\t\t\t\t\t\t\t\tdata-xy=\"xo:168px,168px,67px,-73px;yo:-30px,-30px,-12px,-8px;\"\n\t\t\t\t\t\t\t\tdata-text=\"w:normal;s:20,20,7,4;l:0,0,9,6;\"\n\t\t\t\t\t\t\t\tdata-dim=\"w:1629px,1629px,659px,613px;h:1087px,1087px,439px,409px;\"\n\t\t\t\t\t\t\t\tdata-frame_999=\"o:0;st:w;\"\n\t\t\t\t\t\t\t\tstyle=\"z-index:5;\"\n\t\t\t\t\t\t\t><img decoding=\"async\" src=\"\/\/lackiererei-koch.de\/wp-content\/plugins\/revslider\/sr6\/assets\/assets\/dummy.png\" alt=\"\" class=\"tp-rs-img rs-lazyload\" width=\"1920\" height=\"1281\" data-lazyload=\"\/\/lackiererei-koch.de\/wp-content\/uploads\/2025\/01\/3m.jpg\" data-no-retina> \n\t\t\t\t\t\t\t<\/rs-layer><!--\n-->\t\t\t\t\t<\/rs-slide>\n\t\t\t\t\t\t<rs-slide style=\"position: absolute;\" data-key=\"rs-52\" data-title=\"Slide\" data-in=\"o:0;\" data-out=\"a:false;\">\n\t\t\t\t\t\t\t<img decoding=\"async\" src=\"\/\/lackiererei-koch.de\/wp-content\/plugins\/revslider\/sr6\/assets\/assets\/dummy.png\" alt=\"Slide\" title=\"Fahrzeugaufbereitung\" class=\"rev-slidebg tp-rs-img rs-lazyload\" data-lazyload=\"\/\/lackiererei-koch.de\/wp-content\/plugins\/revslider\/sr6\/assets\/assets\/transparent.png\" data-parallax=\"off\" data-no-retina>\n<!--\n\t\t\t\t\t\t\t--><rs-layer\n\t\t\t\t\t\t\t\tid=\"slider-4-slide-52-layer-4\" \n\t\t\t\t\t\t\t\tdata-type=\"image\"\n\t\t\t\t\t\t\t\tdata-rsp_ch=\"on\"\n\t\t\t\t\t\t\t\tdata-xy=\"xo:170px,170px,68px,-5px;yo:2px,2px,0,-2px;\"\n\t\t\t\t\t\t\t\tdata-text=\"w:normal;s:20,20,7,4;l:0,0,9,6;\"\n\t\t\t\t\t\t\t\tdata-dim=\"w:1569px,1569px,635px,604px;h:1047px,1047px,423px,403px;\"\n\t\t\t\t\t\t\t\tdata-frame_999=\"o:0;st:w;\"\n\t\t\t\t\t\t\t\tstyle=\"z-index:5;\"\n\t\t\t\t\t\t\t><img decoding=\"async\" src=\"\/\/lackiererei-koch.de\/wp-content\/plugins\/revslider\/sr6\/assets\/assets\/dummy.png\" alt=\"\" class=\"tp-rs-img rs-lazyload\" width=\"1920\" height=\"1281\" data-lazyload=\"\/\/lackiererei-koch.de\/wp-content\/uploads\/2025\/01\/3w-2.jpg\" data-no-retina> \n\t\t\t\t\t\t\t<\/rs-layer><!--\n-->\t\t\t\t\t<\/rs-slide>\n\t\t\t\t\t\t<rs-slide style=\"position: absolute;\" data-key=\"rs-44\" data-title=\"Slide\" data-in=\"o:0;\" data-out=\"a:false;\">\n\t\t\t\t\t\t\t<img decoding=\"async\" src=\"\/\/lackiererei-koch.de\/wp-content\/plugins\/revslider\/sr6\/assets\/assets\/dummy.png\" alt=\"Slide\" title=\"Fahrzeugaufbereitung\" class=\"rev-slidebg tp-rs-img rs-lazyload\" data-lazyload=\"\/\/lackiererei-koch.de\/wp-content\/plugins\/revslider\/sr6\/assets\/assets\/transparent.png\" data-parallax=\"off\" data-no-retina>\n<!--\n\t\t\t\t\t\t\t--><rs-layer\n\t\t\t\t\t\t\t\tid=\"slider-4-slide-44-layer-2\" \n\t\t\t\t\t\t\t\tdata-type=\"image\"\n\t\t\t\t\t\t\t\tdata-rsp_ch=\"on\"\n\t\t\t\t\t\t\t\tdata-xy=\"xo:-1px,-1px,0,-27px;yo:-4px,-4px,-1px,-1px;\"\n\t\t\t\t\t\t\t\tdata-text=\"w:normal;s:20,20,7,4;l:0,0,9,6;\"\n\t\t\t\t\t\t\t\tdata-dim=\"w:1920px,1920px,778px,598px;h:1281px,1281px,518px,399px;\"\n\t\t\t\t\t\t\t\tdata-frame_999=\"o:0;st:w;\"\n\t\t\t\t\t\t\t\tstyle=\"z-index:5;\"\n\t\t\t\t\t\t\t><img decoding=\"async\" src=\"\/\/lackiererei-koch.de\/wp-content\/plugins\/revslider\/sr6\/assets\/assets\/dummy.png\" alt=\"\" class=\"tp-rs-img rs-lazyload\" width=\"1920\" height=\"1281\" data-lazyload=\"\/\/lackiererei-koch.de\/wp-content\/uploads\/2025\/01\/Bild2.jpg\" data-no-retina> \n\t\t\t\t\t\t\t<\/rs-layer><!--\n-->\t\t\t\t\t<\/rs-slide>\n\t\t\t\t\t<\/rs-slides>\n\t\t\t\t<\/rs-module>\n\t\t\t\t<script>\n\t\t\t\t\tsetREVStartSize({c: 'rev_slider_4_1',rl:[1240,1240,778,480],el:[1050,1050,500,399],gw:[1920,1920,778,480],gh:[1050,1050,500,400],type:'standard',justify:'',layout:'fullwidth',mh:\"0\"});if (window.RS_MODULES!==undefined && window.RS_MODULES.modules!==undefined && window.RS_MODULES.modules[\"revslider41\"]!==undefined) {window.RS_MODULES.modules[\"revslider41\"].once = false;window.revapi4 = undefined;if (window.RS_MODULES.checkMinimal!==undefined) window.RS_MODULES.checkMinimal()}\n\t\t\t\t<\/script>\n\t\t\t<\/rs-module-wrap>\n\t\t\t<!-- END REVOLUTION SLIDER -->\n[vc_empty_space][\/vc_column][\/vc_row][vc_row][vc_column][\/vc_column][\/vc_row]<\/p>\n<\/div>","protected":false},"excerpt":{"rendered":"<p>[vc_row container=&#8220;1&#8243;][vc_column][vc_empty_space][vc_custom_heading text=&#8220;Unsere professionelle Fahrzeugaufbereitung&#8220; font_container=&#8220;tag:h1|text_align:center|color:%23EFEFEF&#8220; css=&#8220;.vc_custom_1738254690723{background-color: #1F5CB8 !important;}&#8220;][vc_empty_space][vc_column_text css=&#8220;&#8220;] Wenn Sie m\u00f6chten, dass Ihr Fahrzeug auch im gebrauchten Zustand wie frisch erworben aussieht, ist unsere Fahrzeugaufbereitung genau die richtige Wahl. Auch bei kleineren Besch\u00e4digung am Fahrzeug l\u00e4sst sich auf diese Weise schnell f\u00fcr eine Verbesserung sorgen, um den Zustand des Fahrzeugs zu verbessern und<\/p>\n","protected":false},"author":1,"featured_media":0,"parent":0,"menu_order":0,"comment_status":"closed","ping_status":"closed","template":"tpl-visual_composer.php","meta":{"footnotes":""},"class_list":["post-676","page","type-page","status-publish","hentry"],"_links":{"self":[{"href":"https:\/\/lackiererei-koch.de\/index.php?rest_route=\/wp\/v2\/pages\/676","targetHints":{"allow":["GET"]}}],"collection":[{"href":"https:\/\/lackiererei-koch.de\/index.php?rest_route=\/wp\/v2\/pages"}],"about":[{"href":"https:\/\/lackiererei-koch.de\/index.php?rest_route=\/wp\/v2\/types\/page"}],"author":[{"embeddable":true,"href":"https:\/\/lackiererei-koch.de\/index.php?rest_route=\/wp\/v2\/users\/1"}],"replies":[{"embeddable":true,"href":"https:\/\/lackiererei-koch.de\/index.php?rest_route=%2Fwp%2Fv2%2Fcomments&post=676"}],"version-history":[{"count":14,"href":"https:\/\/lackiererei-koch.de\/index.php?rest_route=\/wp\/v2\/pages\/676\/revisions"}],"predecessor-version":[{"id":939,"href":"https:\/\/lackiererei-koch.de\/index.php?rest_route=\/wp\/v2\/pages\/676\/revisions\/939"}],"wp:attachment":[{"href":"https:\/\/lackiererei-koch.de\/index.php?rest_route=%2Fwp%2Fv2%2Fmedia&parent=676"}],"curies":[{"name":"wp","href":"https:\/\/api.w.org\/{rel}","templated":true}]}}